{"id":35984,"date":"2024-06-04T14:28:43","date_gmt":"2024-06-04T12:28:43","guid":{"rendered":"https:\/\/www.smarfer.com\/product\/pictogramm-ins-bett-gehen\/"},"modified":"2024-09-04T10:49:57","modified_gmt":"2024-09-04T08:49:57","slug":"pictogramm-ins-bett-gehen","status":"publish","type":"product","link":"https:\/\/www.smarfer.com\/de\/produkt\/pictogramm-ins-bett-gehen\/","title":{"rendered":"Piktogramm &#8211; Ins bett gehen"},"content":{"rendered":"<p>Dieses Piktogramm zeigt das Symbol f\u00fcr ins Bett gehen und hilft Kindern, ihre Schlafenszeiten zu erkennen. Perfekt zur F\u00f6rderung einer gesunden Nachtruhe und Struktur im Alltag. Diese 4&#215;4 cm gro\u00dfen Piktogramme sind aus hochwertigem Material gefertigt und unterst\u00fctzen die t\u00e4gliche Planung und Kommunikation \u00fcber Schlafroutinen.<\/p>\n","protected":false},"excerpt":{"rendered":"<p>Dieses Piktogramm zeigt das Symbol f\u00fcr ins Bett gehen und hilft Kindern, ihre Schlafenszeiten zu erkennen. Perfekt zur F\u00f6rderung einer gesunden Nachtruhe.<\/p>\n","protected":false},"featured_media":38497,"comment_status":"closed","ping_status":"closed","template":"","meta":[],"product_brand":[],"product_cat":[143],"product_tag":[],"class_list":{"0":"post-35984","1":"product","2":"type-product","3":"status-publish","4":"has-post-thumbnail","6":"product_cat-einzelne-piktogramme","8":"first","9":"instock","10":"taxable","11":"shipping-taxable","12":"purchasable","13":"product-type-simple"},"yoast_head":"<!-- This site is optimized with the Yoast SEO plugin v27.4 - https:\/\/yoast.com\/product\/yoast-seo-wordpress\/ -->\n<title>Piktogramm - Ins bett gehen - Smarfer<\/title>\n<meta name=\"robots\" content=\"index, follow, max-snippet:-1, max-image-preview:large, max-video-preview:-1\" \/>\n<link rel=\"canonical\" href=\"https:\/\/www.smarfer.com\/de\/produkt\/pictogramm-ins-bett-gehen\/\" \/>\n<meta property=\"og:locale\" content=\"de_DE\" \/>\n<meta property=\"og:type\" content=\"article\" \/>\n<meta property=\"og:title\" content=\"Piktogramm - Ins bett gehen - Smarfer\" \/>\n<meta property=\"og:description\" content=\"Dieses Piktogramm zeigt das Symbol f\u00fcr ins Bett gehen und hilft Kindern, ihre Schlafenszeiten zu erkennen. Perfekt zur F\u00f6rderung einer gesunden Nachtruhe.\" \/>\n<meta property=\"og:url\" content=\"https:\/\/www.smarfer.com\/de\/produkt\/pictogramm-ins-bett-gehen\/\" \/>\n<meta property=\"og:site_name\" content=\"Smarfer\" \/>\n<meta property=\"article:modified_time\" content=\"2024-09-04T08:49:57+00:00\" \/>\n<meta property=\"og:image\" content=\"https:\/\/www.smarfer.com\/wp-content\/uploads\/2024\/06\/ins-Bett-gehen.webp\" \/>\n\t<meta property=\"og:image:width\" content=\"365\" \/>\n\t<meta property=\"og:image:height\" content=\"365\" \/>\n\t<meta property=\"og:image:type\" content=\"image\/webp\" \/>\n<meta name=\"twitter:card\" content=\"summary_large_image\" \/>\n<meta name=\"twitter:label1\" content=\"Gesch\u00e4tzte Lesezeit\" \/>\n\t<meta name=\"twitter:data1\" content=\"1\u00a0Minute\" \/>\n<script type=\"application\/ld+json\" class=\"yoast-schema-graph\">{\"@context\":\"https:\\\/\\\/schema.org\",\"@graph\":[{\"@type\":\"WebPage\",\"@id\":\"https:\\\/\\\/www.smarfer.com\\\/de\\\/produkt\\\/pictogramm-ins-bett-gehen\\\/\",\"url\":\"https:\\\/\\\/www.smarfer.com\\\/de\\\/produkt\\\/pictogramm-ins-bett-gehen\\\/\",\"name\":\"Piktogramm - Ins bett gehen - Smarfer\",\"isPartOf\":{\"@id\":\"https:\\\/\\\/www.smarfer.com\\\/de\\\/#website\"},\"primaryImageOfPage\":{\"@id\":\"https:\\\/\\\/www.smarfer.com\\\/de\\\/produkt\\\/pictogramm-ins-bett-gehen\\\/#primaryimage\"},\"image\":{\"@id\":\"https:\\\/\\\/www.smarfer.com\\\/de\\\/produkt\\\/pictogramm-ins-bett-gehen\\\/#primaryimage\"},\"thumbnailUrl\":\"https:\\\/\\\/www.smarfer.com\\\/wp-content\\\/uploads\\\/2024\\\/06\\\/ins-Bett-gehen.webp\",\"datePublished\":\"2024-06-04T12:28:43+00:00\",\"dateModified\":\"2024-09-04T08:49:57+00:00\",\"breadcrumb\":{\"@id\":\"https:\\\/\\\/www.smarfer.com\\\/de\\\/produkt\\\/pictogramm-ins-bett-gehen\\\/#breadcrumb\"},\"inLanguage\":\"de\",\"potentialAction\":[{\"@type\":\"ReadAction\",\"target\":[\"https:\\\/\\\/www.smarfer.com\\\/de\\\/produkt\\\/pictogramm-ins-bett-gehen\\\/\"]}]},{\"@type\":\"ImageObject\",\"inLanguage\":\"de\",\"@id\":\"https:\\\/\\\/www.smarfer.com\\\/de\\\/produkt\\\/pictogramm-ins-bett-gehen\\\/#primaryimage\",\"url\":\"https:\\\/\\\/www.smarfer.com\\\/wp-content\\\/uploads\\\/2024\\\/06\\\/ins-Bett-gehen.webp\",\"contentUrl\":\"https:\\\/\\\/www.smarfer.com\\\/wp-content\\\/uploads\\\/2024\\\/06\\\/ins-Bett-gehen.webp\",\"width\":365,\"height\":365},{\"@type\":\"BreadcrumbList\",\"@id\":\"https:\\\/\\\/www.smarfer.com\\\/de\\\/produkt\\\/pictogramm-ins-bett-gehen\\\/#breadcrumb\",\"itemListElement\":[{\"@type\":\"ListItem\",\"position\":1,\"name\":\"Home\",\"item\":\"https:\\\/\\\/www.smarfer.com\\\/de\\\/\"},{\"@type\":\"ListItem\",\"position\":2,\"name\":\"Alle Produkte\",\"item\":\"https:\\\/\\\/www.smarfer.com\\\/de\\\/alle-produkte\\\/\"},{\"@type\":\"ListItem\",\"position\":3,\"name\":\"Piktogramm &#8211; Ins bett gehen\"}]},{\"@type\":\"WebSite\",\"@id\":\"https:\\\/\\\/www.smarfer.com\\\/de\\\/#website\",\"url\":\"https:\\\/\\\/www.smarfer.com\\\/de\\\/\",\"name\":\"Smarfer.com\",\"description\":\"\",\"publisher\":{\"@id\":\"https:\\\/\\\/www.smarfer.com\\\/de\\\/#organization\"},\"potentialAction\":[{\"@type\":\"SearchAction\",\"target\":{\"@type\":\"EntryPoint\",\"urlTemplate\":\"https:\\\/\\\/www.smarfer.com\\\/de\\\/?s={search_term_string}\"},\"query-input\":{\"@type\":\"PropertyValueSpecification\",\"valueRequired\":true,\"valueName\":\"search_term_string\"}}],\"inLanguage\":\"de\"},{\"@type\":\"Organization\",\"@id\":\"https:\\\/\\\/www.smarfer.com\\\/de\\\/#organization\",\"name\":\"Smarfer\",\"url\":\"https:\\\/\\\/www.smarfer.com\\\/de\\\/\",\"logo\":{\"@type\":\"ImageObject\",\"inLanguage\":\"de\",\"@id\":\"https:\\\/\\\/www.smarfer.com\\\/de\\\/#\\\/schema\\\/logo\\\/image\\\/\",\"url\":\"https:\\\/\\\/www.smarfer.com\\\/wp-content\\\/uploads\\\/2024\\\/03\\\/Logo_transparant.webp\",\"contentUrl\":\"https:\\\/\\\/www.smarfer.com\\\/wp-content\\\/uploads\\\/2024\\\/03\\\/Logo_transparant.webp\",\"width\":145,\"height\":40,\"caption\":\"Smarfer\"},\"image\":{\"@id\":\"https:\\\/\\\/www.smarfer.com\\\/de\\\/#\\\/schema\\\/logo\\\/image\\\/\"}}]}<\/script>\n<!-- \/ Yoast SEO plugin. -->","yoast_head_json":{"title":"Piktogramm - Ins bett gehen - Smarfer","robots":{"index":"index","follow":"follow","max-snippet":"max-snippet:-1","max-image-preview":"max-image-preview:large","max-video-preview":"max-video-preview:-1"},"canonical":"https:\/\/www.smarfer.com\/de\/produkt\/pictogramm-ins-bett-gehen\/","og_locale":"de_DE","og_type":"article","og_title":"Piktogramm - Ins bett gehen - Smarfer","og_description":"Dieses Piktogramm zeigt das Symbol f\u00fcr ins Bett gehen und hilft Kindern, ihre Schlafenszeiten zu erkennen. Perfekt zur F\u00f6rderung einer gesunden Nachtruhe.","og_url":"https:\/\/www.smarfer.com\/de\/produkt\/pictogramm-ins-bett-gehen\/","og_site_name":"Smarfer","article_modified_time":"2024-09-04T08:49:57+00:00","og_image":[{"width":365,"height":365,"url":"https:\/\/www.smarfer.com\/wp-content\/uploads\/2024\/06\/ins-Bett-gehen.webp","type":"image\/webp"}],"twitter_card":"summary_large_image","twitter_misc":{"Gesch\u00e4tzte Lesezeit":"1\u00a0Minute"},"schema":{"@context":"https:\/\/schema.org","@graph":[{"@type":"WebPage","@id":"https:\/\/www.smarfer.com\/de\/produkt\/pictogramm-ins-bett-gehen\/","url":"https:\/\/www.smarfer.com\/de\/produkt\/pictogramm-ins-bett-gehen\/","name":"Piktogramm - Ins bett gehen - Smarfer","isPartOf":{"@id":"https:\/\/www.smarfer.com\/de\/#website"},"primaryImageOfPage":{"@id":"https:\/\/www.smarfer.com\/de\/produkt\/pictogramm-ins-bett-gehen\/#primaryimage"},"image":{"@id":"https:\/\/www.smarfer.com\/de\/produkt\/pictogramm-ins-bett-gehen\/#primaryimage"},"thumbnailUrl":"https:\/\/www.smarfer.com\/wp-content\/uploads\/2024\/06\/ins-Bett-gehen.webp","datePublished":"2024-06-04T12:28:43+00:00","dateModified":"2024-09-04T08:49:57+00:00","breadcrumb":{"@id":"https:\/\/www.smarfer.com\/de\/produkt\/pictogramm-ins-bett-gehen\/#breadcrumb"},"inLanguage":"de","potentialAction":[{"@type":"ReadAction","target":["https:\/\/www.smarfer.com\/de\/produkt\/pictogramm-ins-bett-gehen\/"]}]},{"@type":"ImageObject","inLanguage":"de","@id":"https:\/\/www.smarfer.com\/de\/produkt\/pictogramm-ins-bett-gehen\/#primaryimage","url":"https:\/\/www.smarfer.com\/wp-content\/uploads\/2024\/06\/ins-Bett-gehen.webp","contentUrl":"https:\/\/www.smarfer.com\/wp-content\/uploads\/2024\/06\/ins-Bett-gehen.webp","width":365,"height":365},{"@type":"BreadcrumbList","@id":"https:\/\/www.smarfer.com\/de\/produkt\/pictogramm-ins-bett-gehen\/#breadcrumb","itemListElement":[{"@type":"ListItem","position":1,"name":"Home","item":"https:\/\/www.smarfer.com\/de\/"},{"@type":"ListItem","position":2,"name":"Alle Produkte","item":"https:\/\/www.smarfer.com\/de\/alle-produkte\/"},{"@type":"ListItem","position":3,"name":"Piktogramm &#8211; Ins bett gehen"}]},{"@type":"WebSite","@id":"https:\/\/www.smarfer.com\/de\/#website","url":"https:\/\/www.smarfer.com\/de\/","name":"Smarfer.com","description":"","publisher":{"@id":"https:\/\/www.smarfer.com\/de\/#organization"},"potentialAction":[{"@type":"SearchAction","target":{"@type":"EntryPoint","urlTemplate":"https:\/\/www.smarfer.com\/de\/?s={search_term_string}"},"query-input":{"@type":"PropertyValueSpecification","valueRequired":true,"valueName":"search_term_string"}}],"inLanguage":"de"},{"@type":"Organization","@id":"https:\/\/www.smarfer.com\/de\/#organization","name":"Smarfer","url":"https:\/\/www.smarfer.com\/de\/","logo":{"@type":"ImageObject","inLanguage":"de","@id":"https:\/\/www.smarfer.com\/de\/#\/schema\/logo\/image\/","url":"https:\/\/www.smarfer.com\/wp-content\/uploads\/2024\/03\/Logo_transparant.webp","contentUrl":"https:\/\/www.smarfer.com\/wp-content\/uploads\/2024\/03\/Logo_transparant.webp","width":145,"height":40,"caption":"Smarfer"},"image":{"@id":"https:\/\/www.smarfer.com\/de\/#\/schema\/logo\/image\/"}}]}},"_links":{"self":[{"href":"https:\/\/www.smarfer.com\/de\/wp-json\/wp\/v2\/product\/35984","targetHints":{"allow":["GET"]}}],"collection":[{"href":"https:\/\/www.smarfer.com\/de\/wp-json\/wp\/v2\/product"}],"about":[{"href":"https:\/\/www.smarfer.com\/de\/wp-json\/wp\/v2\/types\/product"}],"replies":[{"embeddable":true,"href":"https:\/\/www.smarfer.com\/de\/wp-json\/wp\/v2\/comments?post=35984"}],"version-history":[{"count":2,"href":"https:\/\/www.smarfer.com\/de\/wp-json\/wp\/v2\/product\/35984\/revisions"}],"predecessor-version":[{"id":40998,"href":"https:\/\/www.smarfer.com\/de\/wp-json\/wp\/v2\/product\/35984\/revisions\/40998"}],"wp:featuredmedia":[{"embeddable":true,"href":"https:\/\/www.smarfer.com\/de\/wp-json\/wp\/v2\/media\/38497"}],"wp:attachment":[{"href":"https:\/\/www.smarfer.com\/de\/wp-json\/wp\/v2\/media?parent=35984"}],"wp:term":[{"taxonomy":"product_brand","embeddable":true,"href":"https:\/\/www.smarfer.com\/de\/wp-json\/wp\/v2\/product_brand?post=35984"},{"taxonomy":"product_cat","embeddable":true,"href":"https:\/\/www.smarfer.com\/de\/wp-json\/wp\/v2\/product_cat?post=35984"},{"taxonomy":"product_tag","embeddable":true,"href":"https:\/\/www.smarfer.com\/de\/wp-json\/wp\/v2\/product_tag?post=35984"}],"curies":[{"name":"wp","href":"https:\/\/api.w.org\/{rel}","templated":true}]}}