{"id":37924,"date":"2024-06-13T13:44:31","date_gmt":"2024-06-13T11:44:31","guid":{"rendered":"https:\/\/www.smarfer.com\/product\/pictogramme-faire-le-lit\/"},"modified":"2024-06-26T15:41:04","modified_gmt":"2024-06-26T13:41:04","slug":"pictogramme-faire-le-lit","status":"publish","type":"product","link":"https:\/\/www.smarfer.com\/fr\/produit\/pictogramme-faire-le-lit\/","title":{"rendered":"Pictogramme &#8211; Faire le lit"},"content":{"rendered":"<p>Le pictogramme \u201cFaire le lit\u201d encourage les enfants \u00e0 prendre soin de leur espace personnel. Ce pictogramme magn\u00e9tique aide \u00e0 instaurer une routine quotidienne pour faire le lit, favorisant l&#8217;autonomie et le sens de l&#8217;ordre. <\/p>\n<p>Les pictogrammes sont particuli\u00e8rement b\u00e9n\u00e9fiques pour les enfants autistes, mais aussi pour ceux qui ont besoin de structure. Tous les pictogrammes mesurent 4x4cm et sont fabriqu\u00e9s en mat\u00e9riau premium. Ils sont flexibles, r\u00e9sistants \u00e0 l&#8217;eau et ont un dos magn\u00e9tique \u00e9pais et puissant, permettant de les fixer sur de nombreuses surfaces.<\/p>\n","protected":false},"excerpt":{"rendered":"<p>Le pictogramme \u201cFaire le lit\u201d encourage les enfants \u00e0 prendre soin de leur espace personnel. Ce pictogramme magn\u00e9tique aide \u00e0<\/p>\n","protected":false},"featured_media":37219,"comment_status":"closed","ping_status":"closed","template":"","meta":[],"product_brand":[],"product_cat":[267],"product_tag":[],"class_list":{"0":"post-37924","1":"product","2":"type-product","3":"status-publish","4":"has-post-thumbnail","6":"product_cat-pictogrammes-isoles","8":"first","9":"instock","10":"taxable","11":"shipping-taxable","12":"purchasable","13":"product-type-simple"},"yoast_head":"<!-- This site is optimized with the Yoast SEO plugin v27.4 - https:\/\/yoast.com\/product\/yoast-seo-wordpress\/ -->\n<title>Pictogramme - Faire le lit - Smarfer<\/title>\n<meta name=\"robots\" content=\"index, follow, max-snippet:-1, max-image-preview:large, max-video-preview:-1\" \/>\n<link rel=\"canonical\" href=\"https:\/\/www.smarfer.com\/fr\/produit\/pictogramme-faire-le-lit\/\" \/>\n<meta property=\"og:locale\" content=\"fr_FR\" \/>\n<meta property=\"og:type\" content=\"article\" \/>\n<meta property=\"og:title\" content=\"Pictogramme - Faire le lit - Smarfer\" \/>\n<meta property=\"og:description\" content=\"Le pictogramme \u201cFaire le lit\u201d encourage les enfants \u00e0 prendre soin de leur espace personnel. Ce pictogramme magn\u00e9tique aide \u00e0\" \/>\n<meta property=\"og:url\" content=\"https:\/\/www.smarfer.com\/fr\/produit\/pictogramme-faire-le-lit\/\" \/>\n<meta property=\"og:site_name\" content=\"Smarfer\" \/>\n<meta property=\"article:modified_time\" content=\"2024-06-26T13:41:04+00:00\" \/>\n<meta property=\"og:image\" content=\"https:\/\/www.smarfer.com\/wp-content\/uploads\/2024\/06\/FAIRE20LE20LIT.webp\" \/>\n\t<meta property=\"og:image:width\" content=\"365\" \/>\n\t<meta property=\"og:image:height\" content=\"365\" \/>\n\t<meta property=\"og:image:type\" content=\"image\/webp\" \/>\n<meta name=\"twitter:card\" content=\"summary_large_image\" \/>\n<script type=\"application\/ld+json\" class=\"yoast-schema-graph\">{\"@context\":\"https:\\\/\\\/schema.org\",\"@graph\":[{\"@type\":\"WebPage\",\"@id\":\"https:\\\/\\\/www.smarfer.com\\\/fr\\\/produit\\\/pictogramme-faire-le-lit\\\/\",\"url\":\"https:\\\/\\\/www.smarfer.com\\\/fr\\\/produit\\\/pictogramme-faire-le-lit\\\/\",\"name\":\"Pictogramme - Faire le lit - Smarfer\",\"isPartOf\":{\"@id\":\"https:\\\/\\\/www.smarfer.com\\\/fr\\\/#website\"},\"primaryImageOfPage\":{\"@id\":\"https:\\\/\\\/www.smarfer.com\\\/fr\\\/produit\\\/pictogramme-faire-le-lit\\\/#primaryimage\"},\"image\":{\"@id\":\"https:\\\/\\\/www.smarfer.com\\\/fr\\\/produit\\\/pictogramme-faire-le-lit\\\/#primaryimage\"},\"thumbnailUrl\":\"https:\\\/\\\/www.smarfer.com\\\/wp-content\\\/uploads\\\/2024\\\/06\\\/FAIRE20LE20LIT.webp\",\"datePublished\":\"2024-06-13T11:44:31+00:00\",\"dateModified\":\"2024-06-26T13:41:04+00:00\",\"breadcrumb\":{\"@id\":\"https:\\\/\\\/www.smarfer.com\\\/fr\\\/produit\\\/pictogramme-faire-le-lit\\\/#breadcrumb\"},\"inLanguage\":\"fr-FR\",\"potentialAction\":[{\"@type\":\"ReadAction\",\"target\":[\"https:\\\/\\\/www.smarfer.com\\\/fr\\\/produit\\\/pictogramme-faire-le-lit\\\/\"]}]},{\"@type\":\"ImageObject\",\"inLanguage\":\"fr-FR\",\"@id\":\"https:\\\/\\\/www.smarfer.com\\\/fr\\\/produit\\\/pictogramme-faire-le-lit\\\/#primaryimage\",\"url\":\"https:\\\/\\\/www.smarfer.com\\\/wp-content\\\/uploads\\\/2024\\\/06\\\/FAIRE20LE20LIT.webp\",\"contentUrl\":\"https:\\\/\\\/www.smarfer.com\\\/wp-content\\\/uploads\\\/2024\\\/06\\\/FAIRE20LE20LIT.webp\",\"width\":365,\"height\":365},{\"@type\":\"BreadcrumbList\",\"@id\":\"https:\\\/\\\/www.smarfer.com\\\/fr\\\/produit\\\/pictogramme-faire-le-lit\\\/#breadcrumb\",\"itemListElement\":[{\"@type\":\"ListItem\",\"position\":1,\"name\":\"Home\",\"item\":\"https:\\\/\\\/www.smarfer.com\\\/fr\\\/\"},{\"@type\":\"ListItem\",\"position\":2,\"name\":\"Tous les produits\",\"item\":\"https:\\\/\\\/www.smarfer.com\\\/fr\\\/tous-les-produits\\\/\"},{\"@type\":\"ListItem\",\"position\":3,\"name\":\"Pictogramme &#8211; Faire le lit\"}]},{\"@type\":\"WebSite\",\"@id\":\"https:\\\/\\\/www.smarfer.com\\\/fr\\\/#website\",\"url\":\"https:\\\/\\\/www.smarfer.com\\\/fr\\\/\",\"name\":\"Smarfer.com\",\"description\":\"\",\"publisher\":{\"@id\":\"https:\\\/\\\/www.smarfer.com\\\/fr\\\/#organization\"},\"potentialAction\":[{\"@type\":\"SearchAction\",\"target\":{\"@type\":\"EntryPoint\",\"urlTemplate\":\"https:\\\/\\\/www.smarfer.com\\\/fr\\\/?s={search_term_string}\"},\"query-input\":{\"@type\":\"PropertyValueSpecification\",\"valueRequired\":true,\"valueName\":\"search_term_string\"}}],\"inLanguage\":\"fr-FR\"},{\"@type\":\"Organization\",\"@id\":\"https:\\\/\\\/www.smarfer.com\\\/fr\\\/#organization\",\"name\":\"Smarfer\",\"url\":\"https:\\\/\\\/www.smarfer.com\\\/fr\\\/\",\"logo\":{\"@type\":\"ImageObject\",\"inLanguage\":\"fr-FR\",\"@id\":\"https:\\\/\\\/www.smarfer.com\\\/fr\\\/#\\\/schema\\\/logo\\\/image\\\/\",\"url\":\"https:\\\/\\\/www.smarfer.com\\\/wp-content\\\/uploads\\\/2024\\\/03\\\/Logo_transparant.webp\",\"contentUrl\":\"https:\\\/\\\/www.smarfer.com\\\/wp-content\\\/uploads\\\/2024\\\/03\\\/Logo_transparant.webp\",\"width\":145,\"height\":40,\"caption\":\"Smarfer\"},\"image\":{\"@id\":\"https:\\\/\\\/www.smarfer.com\\\/fr\\\/#\\\/schema\\\/logo\\\/image\\\/\"}}]}<\/script>\n<!-- \/ Yoast SEO plugin. -->","yoast_head_json":{"title":"Pictogramme - Faire le lit - Smarfer","robots":{"index":"index","follow":"follow","max-snippet":"max-snippet:-1","max-image-preview":"max-image-preview:large","max-video-preview":"max-video-preview:-1"},"canonical":"https:\/\/www.smarfer.com\/fr\/produit\/pictogramme-faire-le-lit\/","og_locale":"fr_FR","og_type":"article","og_title":"Pictogramme - Faire le lit - Smarfer","og_description":"Le pictogramme \u201cFaire le lit\u201d encourage les enfants \u00e0 prendre soin de leur espace personnel. Ce pictogramme magn\u00e9tique aide \u00e0","og_url":"https:\/\/www.smarfer.com\/fr\/produit\/pictogramme-faire-le-lit\/","og_site_name":"Smarfer","article_modified_time":"2024-06-26T13:41:04+00:00","og_image":[{"width":365,"height":365,"url":"https:\/\/www.smarfer.com\/wp-content\/uploads\/2024\/06\/FAIRE20LE20LIT.webp","type":"image\/webp"}],"twitter_card":"summary_large_image","schema":{"@context":"https:\/\/schema.org","@graph":[{"@type":"WebPage","@id":"https:\/\/www.smarfer.com\/fr\/produit\/pictogramme-faire-le-lit\/","url":"https:\/\/www.smarfer.com\/fr\/produit\/pictogramme-faire-le-lit\/","name":"Pictogramme - Faire le lit - Smarfer","isPartOf":{"@id":"https:\/\/www.smarfer.com\/fr\/#website"},"primaryImageOfPage":{"@id":"https:\/\/www.smarfer.com\/fr\/produit\/pictogramme-faire-le-lit\/#primaryimage"},"image":{"@id":"https:\/\/www.smarfer.com\/fr\/produit\/pictogramme-faire-le-lit\/#primaryimage"},"thumbnailUrl":"https:\/\/www.smarfer.com\/wp-content\/uploads\/2024\/06\/FAIRE20LE20LIT.webp","datePublished":"2024-06-13T11:44:31+00:00","dateModified":"2024-06-26T13:41:04+00:00","breadcrumb":{"@id":"https:\/\/www.smarfer.com\/fr\/produit\/pictogramme-faire-le-lit\/#breadcrumb"},"inLanguage":"fr-FR","potentialAction":[{"@type":"ReadAction","target":["https:\/\/www.smarfer.com\/fr\/produit\/pictogramme-faire-le-lit\/"]}]},{"@type":"ImageObject","inLanguage":"fr-FR","@id":"https:\/\/www.smarfer.com\/fr\/produit\/pictogramme-faire-le-lit\/#primaryimage","url":"https:\/\/www.smarfer.com\/wp-content\/uploads\/2024\/06\/FAIRE20LE20LIT.webp","contentUrl":"https:\/\/www.smarfer.com\/wp-content\/uploads\/2024\/06\/FAIRE20LE20LIT.webp","width":365,"height":365},{"@type":"BreadcrumbList","@id":"https:\/\/www.smarfer.com\/fr\/produit\/pictogramme-faire-le-lit\/#breadcrumb","itemListElement":[{"@type":"ListItem","position":1,"name":"Home","item":"https:\/\/www.smarfer.com\/fr\/"},{"@type":"ListItem","position":2,"name":"Tous les produits","item":"https:\/\/www.smarfer.com\/fr\/tous-les-produits\/"},{"@type":"ListItem","position":3,"name":"Pictogramme &#8211; Faire le lit"}]},{"@type":"WebSite","@id":"https:\/\/www.smarfer.com\/fr\/#website","url":"https:\/\/www.smarfer.com\/fr\/","name":"Smarfer.com","description":"","publisher":{"@id":"https:\/\/www.smarfer.com\/fr\/#organization"},"potentialAction":[{"@type":"SearchAction","target":{"@type":"EntryPoint","urlTemplate":"https:\/\/www.smarfer.com\/fr\/?s={search_term_string}"},"query-input":{"@type":"PropertyValueSpecification","valueRequired":true,"valueName":"search_term_string"}}],"inLanguage":"fr-FR"},{"@type":"Organization","@id":"https:\/\/www.smarfer.com\/fr\/#organization","name":"Smarfer","url":"https:\/\/www.smarfer.com\/fr\/","logo":{"@type":"ImageObject","inLanguage":"fr-FR","@id":"https:\/\/www.smarfer.com\/fr\/#\/schema\/logo\/image\/","url":"https:\/\/www.smarfer.com\/wp-content\/uploads\/2024\/03\/Logo_transparant.webp","contentUrl":"https:\/\/www.smarfer.com\/wp-content\/uploads\/2024\/03\/Logo_transparant.webp","width":145,"height":40,"caption":"Smarfer"},"image":{"@id":"https:\/\/www.smarfer.com\/fr\/#\/schema\/logo\/image\/"}}]}},"_links":{"self":[{"href":"https:\/\/www.smarfer.com\/fr\/wp-json\/wp\/v2\/product\/37924","targetHints":{"allow":["GET"]}}],"collection":[{"href":"https:\/\/www.smarfer.com\/fr\/wp-json\/wp\/v2\/product"}],"about":[{"href":"https:\/\/www.smarfer.com\/fr\/wp-json\/wp\/v2\/types\/product"}],"replies":[{"embeddable":true,"href":"https:\/\/www.smarfer.com\/fr\/wp-json\/wp\/v2\/comments?post=37924"}],"version-history":[{"count":0,"href":"https:\/\/www.smarfer.com\/fr\/wp-json\/wp\/v2\/product\/37924\/revisions"}],"wp:featuredmedia":[{"embeddable":true,"href":"https:\/\/www.smarfer.com\/fr\/wp-json\/wp\/v2\/media\/37219"}],"wp:attachment":[{"href":"https:\/\/www.smarfer.com\/fr\/wp-json\/wp\/v2\/media?parent=37924"}],"wp:term":[{"taxonomy":"product_brand","embeddable":true,"href":"https:\/\/www.smarfer.com\/fr\/wp-json\/wp\/v2\/product_brand?post=37924"},{"taxonomy":"product_cat","embeddable":true,"href":"https:\/\/www.smarfer.com\/fr\/wp-json\/wp\/v2\/product_cat?post=37924"},{"taxonomy":"product_tag","embeddable":true,"href":"https:\/\/www.smarfer.com\/fr\/wp-json\/wp\/v2\/product_tag?post=37924"}],"curies":[{"name":"wp","href":"https:\/\/api.w.org\/{rel}","templated":true}]}}