{"id":38049,"date":"2024-06-13T13:45:17","date_gmt":"2024-06-13T11:45:17","guid":{"rendered":"https:\/\/www.smarfer.com\/product\/pictogramme-papa-et-maman-a-la-maison\/"},"modified":"2024-06-26T15:41:14","modified_gmt":"2024-06-26T13:41:14","slug":"pictogramme-papa-et-maman-a-la-maison","status":"publish","type":"product","link":"https:\/\/www.smarfer.com\/fr\/produit\/pictogramme-papa-et-maman-a-la-maison\/","title":{"rendered":"Pictogramme &#8211; Papa et maman \u00e0 la maison"},"content":{"rendered":"<p>Le pictogramme \u201cPapa et maman \u00e0 la maison\u201d aide les enfants \u00e0 anticiper et \u00e0 organiser les moments o\u00f9 les deux parents sont pr\u00e9sents \u00e0 la maison. Ce pictogramme magn\u00e9tique rend ces moments sp\u00e9ciaux plus pr\u00e9visibles et agr\u00e9ables. <\/p>\n<p>Les pictogrammes sont particuli\u00e8rement b\u00e9n\u00e9fiques pour les enfants autistes, mais aussi pour ceux qui ont besoin de structure. Tous les pictogrammes mesurent 4x4cm et sont fabriqu\u00e9s en mat\u00e9riau premium. Ils sont flexibles, r\u00e9sistants \u00e0 l&#8217;eau et ont un dos magn\u00e9tique \u00e9pais et puissant, permettant de les fixer sur de nombreuses surfaces.<\/p>\n","protected":false},"excerpt":{"rendered":"<p>Le pictogramme \u201cPapa et maman \u00e0 la maison\u201d aide les enfants \u00e0 anticiper et \u00e0 organiser les moments o\u00f9 les<\/p>\n","protected":false},"featured_media":38046,"comment_status":"closed","ping_status":"closed","template":"","meta":[],"product_brand":[],"product_cat":[267],"product_tag":[],"class_list":{"0":"post-38049","1":"product","2":"type-product","3":"status-publish","4":"has-post-thumbnail","6":"product_cat-pictogrammes-isoles","8":"first","9":"instock","10":"taxable","11":"shipping-taxable","12":"purchasable","13":"product-type-simple"},"yoast_head":"<!-- This site is optimized with the Yoast SEO plugin v27.4 - https:\/\/yoast.com\/product\/yoast-seo-wordpress\/ -->\n<title>Pictogramme - Papa et maman \u00e0 la maison - Smarfer<\/title>\n<meta name=\"robots\" content=\"index, follow, max-snippet:-1, max-image-preview:large, max-video-preview:-1\" \/>\n<link rel=\"canonical\" href=\"https:\/\/www.smarfer.com\/fr\/produit\/pictogramme-papa-et-maman-a-la-maison\/\" \/>\n<meta property=\"og:locale\" content=\"fr_FR\" \/>\n<meta property=\"og:type\" content=\"article\" \/>\n<meta property=\"og:title\" content=\"Pictogramme - Papa et maman \u00e0 la maison - Smarfer\" \/>\n<meta property=\"og:description\" content=\"Le pictogramme \u201cPapa et maman \u00e0 la maison\u201d aide les enfants \u00e0 anticiper et \u00e0 organiser les moments o\u00f9 les\" \/>\n<meta property=\"og:url\" content=\"https:\/\/www.smarfer.com\/fr\/produit\/pictogramme-papa-et-maman-a-la-maison\/\" \/>\n<meta property=\"og:site_name\" content=\"Smarfer\" \/>\n<meta property=\"article:modified_time\" content=\"2024-06-26T13:41:14+00:00\" \/>\n<meta property=\"og:image\" content=\"https:\/\/www.smarfer.com\/wp-content\/uploads\/2024\/06\/PAPA20ET20MAMAN20A20LA20MAISON.webp\" \/>\n\t<meta property=\"og:image:width\" content=\"365\" \/>\n\t<meta property=\"og:image:height\" content=\"365\" \/>\n\t<meta property=\"og:image:type\" content=\"image\/webp\" \/>\n<meta name=\"twitter:card\" content=\"summary_large_image\" \/>\n<script type=\"application\/ld+json\" class=\"yoast-schema-graph\">{\"@context\":\"https:\\\/\\\/schema.org\",\"@graph\":[{\"@type\":\"WebPage\",\"@id\":\"https:\\\/\\\/www.smarfer.com\\\/fr\\\/produit\\\/pictogramme-papa-et-maman-a-la-maison\\\/\",\"url\":\"https:\\\/\\\/www.smarfer.com\\\/fr\\\/produit\\\/pictogramme-papa-et-maman-a-la-maison\\\/\",\"name\":\"Pictogramme - Papa et maman \u00e0 la maison - Smarfer\",\"isPartOf\":{\"@id\":\"https:\\\/\\\/www.smarfer.com\\\/fr\\\/#website\"},\"primaryImageOfPage\":{\"@id\":\"https:\\\/\\\/www.smarfer.com\\\/fr\\\/produit\\\/pictogramme-papa-et-maman-a-la-maison\\\/#primaryimage\"},\"image\":{\"@id\":\"https:\\\/\\\/www.smarfer.com\\\/fr\\\/produit\\\/pictogramme-papa-et-maman-a-la-maison\\\/#primaryimage\"},\"thumbnailUrl\":\"https:\\\/\\\/www.smarfer.com\\\/wp-content\\\/uploads\\\/2024\\\/06\\\/PAPA20ET20MAMAN20A20LA20MAISON.webp\",\"datePublished\":\"2024-06-13T11:45:17+00:00\",\"dateModified\":\"2024-06-26T13:41:14+00:00\",\"breadcrumb\":{\"@id\":\"https:\\\/\\\/www.smarfer.com\\\/fr\\\/produit\\\/pictogramme-papa-et-maman-a-la-maison\\\/#breadcrumb\"},\"inLanguage\":\"fr-FR\",\"potentialAction\":[{\"@type\":\"ReadAction\",\"target\":[\"https:\\\/\\\/www.smarfer.com\\\/fr\\\/produit\\\/pictogramme-papa-et-maman-a-la-maison\\\/\"]}]},{\"@type\":\"ImageObject\",\"inLanguage\":\"fr-FR\",\"@id\":\"https:\\\/\\\/www.smarfer.com\\\/fr\\\/produit\\\/pictogramme-papa-et-maman-a-la-maison\\\/#primaryimage\",\"url\":\"https:\\\/\\\/www.smarfer.com\\\/wp-content\\\/uploads\\\/2024\\\/06\\\/PAPA20ET20MAMAN20A20LA20MAISON.webp\",\"contentUrl\":\"https:\\\/\\\/www.smarfer.com\\\/wp-content\\\/uploads\\\/2024\\\/06\\\/PAPA20ET20MAMAN20A20LA20MAISON.webp\",\"width\":365,\"height\":365},{\"@type\":\"BreadcrumbList\",\"@id\":\"https:\\\/\\\/www.smarfer.com\\\/fr\\\/produit\\\/pictogramme-papa-et-maman-a-la-maison\\\/#breadcrumb\",\"itemListElement\":[{\"@type\":\"ListItem\",\"position\":1,\"name\":\"Home\",\"item\":\"https:\\\/\\\/www.smarfer.com\\\/fr\\\/\"},{\"@type\":\"ListItem\",\"position\":2,\"name\":\"Tous les produits\",\"item\":\"https:\\\/\\\/www.smarfer.com\\\/fr\\\/tous-les-produits\\\/\"},{\"@type\":\"ListItem\",\"position\":3,\"name\":\"Pictogramme &#8211; Papa et maman \u00e0 la maison\"}]},{\"@type\":\"WebSite\",\"@id\":\"https:\\\/\\\/www.smarfer.com\\\/fr\\\/#website\",\"url\":\"https:\\\/\\\/www.smarfer.com\\\/fr\\\/\",\"name\":\"Smarfer.com\",\"description\":\"\",\"publisher\":{\"@id\":\"https:\\\/\\\/www.smarfer.com\\\/fr\\\/#organization\"},\"potentialAction\":[{\"@type\":\"SearchAction\",\"target\":{\"@type\":\"EntryPoint\",\"urlTemplate\":\"https:\\\/\\\/www.smarfer.com\\\/fr\\\/?s={search_term_string}\"},\"query-input\":{\"@type\":\"PropertyValueSpecification\",\"valueRequired\":true,\"valueName\":\"search_term_string\"}}],\"inLanguage\":\"fr-FR\"},{\"@type\":\"Organization\",\"@id\":\"https:\\\/\\\/www.smarfer.com\\\/fr\\\/#organization\",\"name\":\"Smarfer\",\"url\":\"https:\\\/\\\/www.smarfer.com\\\/fr\\\/\",\"logo\":{\"@type\":\"ImageObject\",\"inLanguage\":\"fr-FR\",\"@id\":\"https:\\\/\\\/www.smarfer.com\\\/fr\\\/#\\\/schema\\\/logo\\\/image\\\/\",\"url\":\"https:\\\/\\\/www.smarfer.com\\\/wp-content\\\/uploads\\\/2024\\\/03\\\/Logo_transparant.webp\",\"contentUrl\":\"https:\\\/\\\/www.smarfer.com\\\/wp-content\\\/uploads\\\/2024\\\/03\\\/Logo_transparant.webp\",\"width\":145,\"height\":40,\"caption\":\"Smarfer\"},\"image\":{\"@id\":\"https:\\\/\\\/www.smarfer.com\\\/fr\\\/#\\\/schema\\\/logo\\\/image\\\/\"}}]}<\/script>\n<!-- \/ Yoast SEO plugin. -->","yoast_head_json":{"title":"Pictogramme - Papa et maman \u00e0 la maison - Smarfer","robots":{"index":"index","follow":"follow","max-snippet":"max-snippet:-1","max-image-preview":"max-image-preview:large","max-video-preview":"max-video-preview:-1"},"canonical":"https:\/\/www.smarfer.com\/fr\/produit\/pictogramme-papa-et-maman-a-la-maison\/","og_locale":"fr_FR","og_type":"article","og_title":"Pictogramme - Papa et maman \u00e0 la maison - Smarfer","og_description":"Le pictogramme \u201cPapa et maman \u00e0 la maison\u201d aide les enfants \u00e0 anticiper et \u00e0 organiser les moments o\u00f9 les","og_url":"https:\/\/www.smarfer.com\/fr\/produit\/pictogramme-papa-et-maman-a-la-maison\/","og_site_name":"Smarfer","article_modified_time":"2024-06-26T13:41:14+00:00","og_image":[{"width":365,"height":365,"url":"https:\/\/www.smarfer.com\/wp-content\/uploads\/2024\/06\/PAPA20ET20MAMAN20A20LA20MAISON.webp","type":"image\/webp"}],"twitter_card":"summary_large_image","schema":{"@context":"https:\/\/schema.org","@graph":[{"@type":"WebPage","@id":"https:\/\/www.smarfer.com\/fr\/produit\/pictogramme-papa-et-maman-a-la-maison\/","url":"https:\/\/www.smarfer.com\/fr\/produit\/pictogramme-papa-et-maman-a-la-maison\/","name":"Pictogramme - Papa et maman \u00e0 la maison - Smarfer","isPartOf":{"@id":"https:\/\/www.smarfer.com\/fr\/#website"},"primaryImageOfPage":{"@id":"https:\/\/www.smarfer.com\/fr\/produit\/pictogramme-papa-et-maman-a-la-maison\/#primaryimage"},"image":{"@id":"https:\/\/www.smarfer.com\/fr\/produit\/pictogramme-papa-et-maman-a-la-maison\/#primaryimage"},"thumbnailUrl":"https:\/\/www.smarfer.com\/wp-content\/uploads\/2024\/06\/PAPA20ET20MAMAN20A20LA20MAISON.webp","datePublished":"2024-06-13T11:45:17+00:00","dateModified":"2024-06-26T13:41:14+00:00","breadcrumb":{"@id":"https:\/\/www.smarfer.com\/fr\/produit\/pictogramme-papa-et-maman-a-la-maison\/#breadcrumb"},"inLanguage":"fr-FR","potentialAction":[{"@type":"ReadAction","target":["https:\/\/www.smarfer.com\/fr\/produit\/pictogramme-papa-et-maman-a-la-maison\/"]}]},{"@type":"ImageObject","inLanguage":"fr-FR","@id":"https:\/\/www.smarfer.com\/fr\/produit\/pictogramme-papa-et-maman-a-la-maison\/#primaryimage","url":"https:\/\/www.smarfer.com\/wp-content\/uploads\/2024\/06\/PAPA20ET20MAMAN20A20LA20MAISON.webp","contentUrl":"https:\/\/www.smarfer.com\/wp-content\/uploads\/2024\/06\/PAPA20ET20MAMAN20A20LA20MAISON.webp","width":365,"height":365},{"@type":"BreadcrumbList","@id":"https:\/\/www.smarfer.com\/fr\/produit\/pictogramme-papa-et-maman-a-la-maison\/#breadcrumb","itemListElement":[{"@type":"ListItem","position":1,"name":"Home","item":"https:\/\/www.smarfer.com\/fr\/"},{"@type":"ListItem","position":2,"name":"Tous les produits","item":"https:\/\/www.smarfer.com\/fr\/tous-les-produits\/"},{"@type":"ListItem","position":3,"name":"Pictogramme &#8211; Papa et maman \u00e0 la maison"}]},{"@type":"WebSite","@id":"https:\/\/www.smarfer.com\/fr\/#website","url":"https:\/\/www.smarfer.com\/fr\/","name":"Smarfer.com","description":"","publisher":{"@id":"https:\/\/www.smarfer.com\/fr\/#organization"},"potentialAction":[{"@type":"SearchAction","target":{"@type":"EntryPoint","urlTemplate":"https:\/\/www.smarfer.com\/fr\/?s={search_term_string}"},"query-input":{"@type":"PropertyValueSpecification","valueRequired":true,"valueName":"search_term_string"}}],"inLanguage":"fr-FR"},{"@type":"Organization","@id":"https:\/\/www.smarfer.com\/fr\/#organization","name":"Smarfer","url":"https:\/\/www.smarfer.com\/fr\/","logo":{"@type":"ImageObject","inLanguage":"fr-FR","@id":"https:\/\/www.smarfer.com\/fr\/#\/schema\/logo\/image\/","url":"https:\/\/www.smarfer.com\/wp-content\/uploads\/2024\/03\/Logo_transparant.webp","contentUrl":"https:\/\/www.smarfer.com\/wp-content\/uploads\/2024\/03\/Logo_transparant.webp","width":145,"height":40,"caption":"Smarfer"},"image":{"@id":"https:\/\/www.smarfer.com\/fr\/#\/schema\/logo\/image\/"}}]}},"_links":{"self":[{"href":"https:\/\/www.smarfer.com\/fr\/wp-json\/wp\/v2\/product\/38049","targetHints":{"allow":["GET"]}}],"collection":[{"href":"https:\/\/www.smarfer.com\/fr\/wp-json\/wp\/v2\/product"}],"about":[{"href":"https:\/\/www.smarfer.com\/fr\/wp-json\/wp\/v2\/types\/product"}],"replies":[{"embeddable":true,"href":"https:\/\/www.smarfer.com\/fr\/wp-json\/wp\/v2\/comments?post=38049"}],"version-history":[{"count":0,"href":"https:\/\/www.smarfer.com\/fr\/wp-json\/wp\/v2\/product\/38049\/revisions"}],"wp:featuredmedia":[{"embeddable":true,"href":"https:\/\/www.smarfer.com\/fr\/wp-json\/wp\/v2\/media\/38046"}],"wp:attachment":[{"href":"https:\/\/www.smarfer.com\/fr\/wp-json\/wp\/v2\/media?parent=38049"}],"wp:term":[{"taxonomy":"product_brand","embeddable":true,"href":"https:\/\/www.smarfer.com\/fr\/wp-json\/wp\/v2\/product_brand?post=38049"},{"taxonomy":"product_cat","embeddable":true,"href":"https:\/\/www.smarfer.com\/fr\/wp-json\/wp\/v2\/product_cat?post=38049"},{"taxonomy":"product_tag","embeddable":true,"href":"https:\/\/www.smarfer.com\/fr\/wp-json\/wp\/v2\/product_tag?post=38049"}],"curies":[{"name":"wp","href":"https:\/\/api.w.org\/{rel}","templated":true}]}}